{"id":63,"date":"2025-12-22T15:06:45","date_gmt":"2025-12-22T14:06:45","guid":{"rendered":"https:\/\/494196.test-my-website.de\/wp\/?page_id=63"},"modified":"2026-01-16T16:51:11","modified_gmt":"2026-01-16T15:51:11","slug":"leistungen","status":"publish","type":"page","link":"https:\/\/therapiehaus-aumueller.de\/index.php\/leistungen\/","title":{"rendered":"Unsere Therapie Angebote"},"content":{"rendered":"\n<div class=\"wp-block-group is-style-section-1 has-large-font-size is-horizontal is-nowrap is-layout-flex wp-container-core-group-is-layout-02e00200 wp-block-group-is-layout-flex is-style-section-1--1\" style=\"border-top-left-radius:32px;border-top-right-radius:32px;border-bottom-left-radius:32px;border-bottom-right-radius:32px;padding-top:var(--wp--preset--spacing--20);padding-right:var(--wp--preset--spacing--20);padding-bottom:var(--wp--preset--spacing--20);padding-left:var(--wp--preset--spacing--20)\">\n<figure class=\"wp-block-image size-full has-custom-border is-style-default wp-container-content-3cb39bf3\" style=\"margin-top:var(--wp--preset--spacing--20);margin-right:var(--wp--preset--spacing--20);margin-bottom:var(--wp--preset--spacing--20);margin-left:var(--wp--preset--spacing--20)\"><img loading=\"lazy\" decoding=\"async\" width=\"256\" height=\"256\" src=\"http:\/\/662603.test-my-website.de\/wp-content\/uploads\/2026\/01\/icoOsteo.png\" alt=\"\" class=\"wp-image-146\" style=\"border-style:none;border-width:0px\" srcset=\"https:\/\/therapiehaus-aumueller.de\/wp-content\/uploads\/2026\/01\/icoOsteo.png 256w, https:\/\/therapiehaus-aumueller.de\/wp-content\/uploads\/2026\/01\/icoOsteo-150x150.png 150w\" sizes=\"auto, (max-width: 256px) 100vw, 256px\" \/><\/figure>\n\n\n\n<p class=\"is-style-default\">Osteopathie<\/p>\n<\/div>\n\n\n\n<div class=\"wp-block-group is-style-section-1 has-large-font-size is-content-justification-right is-nowrap is-layout-flex wp-container-core-group-is-layout-8c08a59d wp-block-group-is-layout-flex is-style-section-1--2\" style=\"border-top-left-radius:32px;border-top-right-radius:32px;border-bottom-left-radius:32px;border-bottom-right-radius:32px;padding-top:var(--wp--preset--spacing--20);padding-right:var(--wp--preset--spacing--20);padding-bottom:var(--wp--preset--spacing--20);padding-left:var(--wp--preset--spacing--20)\">\n<p class=\"has-text-align-right\">Physiotherapie<br>Krankengymnastik<\/p>\n\n\n\n<figure class=\"wp-block-image size-full wp-container-content-3cb39bf3\" style=\"margin-top:var(--wp--preset--spacing--20);margin-right:var(--wp--preset--spacing--20);margin-bottom:var(--wp--preset--spacing--20);margin-left:var(--wp--preset--spacing--20)\"><img loading=\"lazy\" decoding=\"async\" width=\"256\" height=\"256\" src=\"http:\/\/662603.test-my-website.de\/wp-content\/uploads\/2026\/01\/icoPhysio.png\" alt=\"\" class=\"wp-image-147\" srcset=\"https:\/\/therapiehaus-aumueller.de\/wp-content\/uploads\/2026\/01\/icoPhysio.png 256w, https:\/\/therapiehaus-aumueller.de\/wp-content\/uploads\/2026\/01\/icoPhysio-150x150.png 150w\" sizes=\"auto, (max-width: 256px) 100vw, 256px\" \/><\/figure>\n<\/div>\n\n\n\n<div class=\"wp-block-group is-style-section-1 has-large-font-size is-nowrap is-layout-flex wp-container-core-group-is-layout-51ff4772 wp-block-group-is-layout-flex is-style-section-1--3\" style=\"border-top-left-radius:32px;border-top-right-radius:32px;border-bottom-left-radius:32px;border-bottom-right-radius:32px;padding-top:var(--wp--preset--spacing--20);padding-right:var(--wp--preset--spacing--20);padding-bottom:var(--wp--preset--spacing--20);padding-left:var(--wp--preset--spacing--20)\">\n<figure class=\"wp-block-image size-full wp-container-content-3cb39bf3\" style=\"margin-top:var(--wp--preset--spacing--20);margin-right:var(--wp--preset--spacing--20);margin-bottom:var(--wp--preset--spacing--20);margin-left:var(--wp--preset--spacing--20)\"><img loading=\"lazy\" decoding=\"async\" width=\"256\" height=\"256\" src=\"http:\/\/662603.test-my-website.de\/wp-content\/uploads\/2026\/01\/icoKG.png\" alt=\"\" class=\"wp-image-142\" srcset=\"https:\/\/therapiehaus-aumueller.de\/wp-content\/uploads\/2026\/01\/icoKG.png 256w, https:\/\/therapiehaus-aumueller.de\/wp-content\/uploads\/2026\/01\/icoKG-150x150.png 150w\" sizes=\"auto, (max-width: 256px) 100vw, 256px\" \/><\/figure>\n\n\n\n<p>Krankengymnastik am Ger\u00e4t<\/p>\n<\/div>\n\n\n\n<div class=\"wp-block-group is-style-section-1 has-large-font-size is-content-justification-right is-nowrap is-layout-flex wp-container-core-group-is-layout-8c08a59d wp-block-group-is-layout-flex is-style-section-1--4\" style=\"border-top-left-radius:32px;border-top-right-radius:32px;border-bottom-left-radius:32px;border-bottom-right-radius:32px;padding-top:var(--wp--preset--spacing--20);padding-right:var(--wp--preset--spacing--20);padding-bottom:var(--wp--preset--spacing--20);padding-left:var(--wp--preset--spacing--20)\">\n<p class=\"has-text-align-right\">Massage-Therapie<\/p>\n\n\n\n<figure class=\"wp-block-image size-full wp-container-content-3cb39bf3\" style=\"margin-top:var(--wp--preset--spacing--20);margin-right:var(--wp--preset--spacing--20);margin-bottom:var(--wp--preset--spacing--20);margin-left:var(--wp--preset--spacing--20)\"><img loading=\"lazy\" decoding=\"async\" width=\"256\" height=\"256\" src=\"http:\/\/662603.test-my-website.de\/wp-content\/uploads\/2026\/01\/icoMassage.png\" alt=\"\" class=\"wp-image-145\" srcset=\"https:\/\/therapiehaus-aumueller.de\/wp-content\/uploads\/2026\/01\/icoMassage.png 256w, https:\/\/therapiehaus-aumueller.de\/wp-content\/uploads\/2026\/01\/icoMassage-150x150.png 150w\" sizes=\"auto, (max-width: 256px) 100vw, 256px\" \/><\/figure>\n<\/div>\n\n\n\n<div class=\"wp-block-group is-style-section-1 has-large-font-size is-nowrap is-layout-flex wp-container-core-group-is-layout-51ff4772 wp-block-group-is-layout-flex is-style-section-1--5\" style=\"border-top-left-radius:32px;border-top-right-radius:32px;border-bottom-left-radius:32px;border-bottom-right-radius:32px;padding-top:var(--wp--preset--spacing--20);padding-right:var(--wp--preset--spacing--20);padding-bottom:var(--wp--preset--spacing--20);padding-left:var(--wp--preset--spacing--20)\">\n<figure class=\"wp-block-image size-full wp-container-content-3cb39bf3\" style=\"margin-top:var(--wp--preset--spacing--20);margin-right:var(--wp--preset--spacing--20);margin-bottom:var(--wp--preset--spacing--20);margin-left:var(--wp--preset--spacing--20)\"><img loading=\"lazy\" decoding=\"async\" width=\"256\" height=\"256\" src=\"http:\/\/662603.test-my-website.de\/wp-content\/uploads\/2026\/01\/icoManuelle.png\" alt=\"\" class=\"wp-image-144\" srcset=\"https:\/\/therapiehaus-aumueller.de\/wp-content\/uploads\/2026\/01\/icoManuelle.png 256w, https:\/\/therapiehaus-aumueller.de\/wp-content\/uploads\/2026\/01\/icoManuelle-150x150.png 150w\" sizes=\"auto, (max-width: 256px) 100vw, 256px\" \/><\/figure>\n\n\n\n<p>Manuelle Therapie<\/p>\n<\/div>\n\n\n\n<div class=\"wp-block-group is-style-section-1 has-large-font-size is-content-justification-right is-nowrap is-layout-flex wp-container-core-group-is-layout-8c08a59d wp-block-group-is-layout-flex is-style-section-1--6\" style=\"border-top-left-radius:32px;border-top-right-radius:32px;border-bottom-left-radius:32px;border-bottom-right-radius:32px;padding-top:var(--wp--preset--spacing--20);padding-right:var(--wp--preset--spacing--20);padding-bottom:var(--wp--preset--spacing--20);padding-left:var(--wp--preset--spacing--20)\">\n<p class=\"has-text-align-right\">CMD-Therapie<br>Craniomandibul\u00e4re Dysfunktion<\/p>\n\n\n\n<figure class=\"wp-block-image size-full wp-container-content-3cb39bf3\" style=\"margin-top:var(--wp--preset--spacing--20);margin-right:var(--wp--preset--spacing--20);margin-bottom:var(--wp--preset--spacing--20);margin-left:var(--wp--preset--spacing--20)\"><img loading=\"lazy\" decoding=\"async\" width=\"256\" height=\"256\" src=\"http:\/\/662603.test-my-website.de\/wp-content\/uploads\/2026\/01\/icoCMD.png\" alt=\"\" class=\"wp-image-140\" srcset=\"https:\/\/therapiehaus-aumueller.de\/wp-content\/uploads\/2026\/01\/icoCMD.png 256w, https:\/\/therapiehaus-aumueller.de\/wp-content\/uploads\/2026\/01\/icoCMD-150x150.png 150w\" sizes=\"auto, (max-width: 256px) 100vw, 256px\" \/><\/figure>\n<\/div>\n\n\n\n<div class=\"wp-block-group is-style-section-1 has-large-font-size is-nowrap is-layout-flex wp-container-core-group-is-layout-51ff4772 wp-block-group-is-layout-flex is-style-section-1--7\" style=\"border-top-left-radius:32px;border-top-right-radius:32px;border-bottom-left-radius:32px;border-bottom-right-radius:32px;padding-top:var(--wp--preset--spacing--20);padding-right:var(--wp--preset--spacing--20);padding-bottom:var(--wp--preset--spacing--20);padding-left:var(--wp--preset--spacing--20)\">\n<figure class=\"wp-block-image size-full wp-container-content-3cb39bf3\" style=\"margin-top:var(--wp--preset--spacing--20);margin-right:var(--wp--preset--spacing--20);margin-bottom:var(--wp--preset--spacing--20);margin-left:var(--wp--preset--spacing--20)\"><img loading=\"lazy\" decoding=\"async\" width=\"256\" height=\"256\" src=\"http:\/\/662603.test-my-website.de\/wp-content\/uploads\/2026\/01\/icoSchlingen.png\" alt=\"\" class=\"wp-image-150\" srcset=\"https:\/\/therapiehaus-aumueller.de\/wp-content\/uploads\/2026\/01\/icoSchlingen.png 256w, https:\/\/therapiehaus-aumueller.de\/wp-content\/uploads\/2026\/01\/icoSchlingen-150x150.png 150w\" sizes=\"auto, (max-width: 256px) 100vw, 256px\" \/><\/figure>\n\n\n\n<p>Traktion im Schlingentisch<\/p>\n<\/div>\n\n\n\n<div class=\"wp-block-group is-style-section-1 has-large-font-size is-content-justification-right is-nowrap is-layout-flex wp-container-core-group-is-layout-8c08a59d wp-block-group-is-layout-flex is-style-section-1--8\" style=\"border-top-left-radius:32px;border-top-right-radius:32px;border-bottom-left-radius:32px;border-bottom-right-radius:32px;padding-top:var(--wp--preset--spacing--20);padding-right:var(--wp--preset--spacing--20);padding-bottom:var(--wp--preset--spacing--20);padding-left:var(--wp--preset--spacing--20)\">\n<p class=\"has-text-align-right\">Fango<br>W\u00e4rmebehandlung<\/p>\n\n\n\n<figure class=\"wp-block-image size-full wp-container-content-3cb39bf3\" style=\"margin-top:var(--wp--preset--spacing--20);margin-right:var(--wp--preset--spacing--20);margin-bottom:var(--wp--preset--spacing--20);margin-left:var(--wp--preset--spacing--20)\"><img loading=\"lazy\" decoding=\"async\" width=\"256\" height=\"256\" src=\"http:\/\/662603.test-my-website.de\/wp-content\/uploads\/2026\/01\/icoFango.png\" alt=\"\" class=\"wp-image-141\" srcset=\"https:\/\/therapiehaus-aumueller.de\/wp-content\/uploads\/2026\/01\/icoFango.png 256w, https:\/\/therapiehaus-aumueller.de\/wp-content\/uploads\/2026\/01\/icoFango-150x150.png 150w\" sizes=\"auto, (max-width: 256px) 100vw, 256px\" \/><\/figure>\n<\/div>\n\n\n\n<div class=\"wp-block-group is-style-section-1 has-large-font-size is-nowrap is-layout-flex wp-container-core-group-is-layout-51ff4772 wp-block-group-is-layout-flex is-style-section-1--9\" style=\"border-top-left-radius:32px;border-top-right-radius:32px;border-bottom-left-radius:32px;border-bottom-right-radius:32px;padding-top:var(--wp--preset--spacing--20);padding-right:var(--wp--preset--spacing--20);padding-bottom:var(--wp--preset--spacing--20);padding-left:var(--wp--preset--spacing--20)\">\n<figure class=\"wp-block-image size-full wp-container-content-3cb39bf3\" style=\"margin-top:var(--wp--preset--spacing--20);margin-right:var(--wp--preset--spacing--20);margin-bottom:var(--wp--preset--spacing--20);margin-left:var(--wp--preset--spacing--20)\"><img loading=\"lazy\" decoding=\"async\" width=\"256\" height=\"256\" src=\"http:\/\/662603.test-my-website.de\/wp-content\/uploads\/2026\/01\/icoRotlicht.png\" alt=\"\" class=\"wp-image-148\" srcset=\"https:\/\/therapiehaus-aumueller.de\/wp-content\/uploads\/2026\/01\/icoRotlicht.png 256w, https:\/\/therapiehaus-aumueller.de\/wp-content\/uploads\/2026\/01\/icoRotlicht-150x150.png 150w\" sizes=\"auto, (max-width: 256px) 100vw, 256px\" \/><\/figure>\n\n\n\n<p>Rotlicht-Therapie<\/p>\n<\/div>\n\n\n\n<div class=\"wp-block-group is-style-section-1 has-large-font-size is-content-justification-right is-nowrap is-layout-flex wp-container-core-group-is-layout-8c08a59d wp-block-group-is-layout-flex is-style-section-1--10\" style=\"border-top-left-radius:32px;border-top-right-radius:32px;border-bottom-left-radius:32px;border-bottom-right-radius:32px;padding-top:var(--wp--preset--spacing--20);padding-right:var(--wp--preset--spacing--20);padding-bottom:var(--wp--preset--spacing--20);padding-left:var(--wp--preset--spacing--20)\">\n<p class=\"has-text-align-right\">Laser-Therapie<\/p>\n\n\n\n<figure class=\"wp-block-image size-full wp-container-content-3cb39bf3\" style=\"margin-top:var(--wp--preset--spacing--20);margin-right:var(--wp--preset--spacing--20);margin-bottom:var(--wp--preset--spacing--20);margin-left:var(--wp--preset--spacing--20)\"><img loading=\"lazy\" decoding=\"async\" width=\"256\" height=\"256\" src=\"http:\/\/662603.test-my-website.de\/wp-content\/uploads\/2026\/01\/icoLaser.png\" alt=\"\" class=\"wp-image-143\" srcset=\"https:\/\/therapiehaus-aumueller.de\/wp-content\/uploads\/2026\/01\/icoLaser.png 256w, https:\/\/therapiehaus-aumueller.de\/wp-content\/uploads\/2026\/01\/icoLaser-150x150.png 150w\" sizes=\"auto, (max-width: 256px) 100vw, 256px\" \/><\/figure>\n<\/div>\n\n\n\n<div style=\"height:32px\" aria-hidden=\"true\" class=\"wp-block-spacer\"><\/div>\n\n\n\n<h2 class=\"wp-block-heading\">Gruppen-Therapie<\/h2>\n\n\n\n<div class=\"wp-block-group is-style-section-1 has-large-font-size is-nowrap is-layout-flex wp-container-core-group-is-layout-51ff4772 wp-block-group-is-layout-flex is-style-section-1--11\" style=\"border-top-left-radius:32px;border-top-right-radius:32px;border-bottom-left-radius:32px;border-bottom-right-radius:32px;padding-top:var(--wp--preset--spacing--20);padding-right:var(--wp--preset--spacing--20);padding-bottom:var(--wp--preset--spacing--20);padding-left:var(--wp--preset--spacing--20)\">\n<figure class=\"wp-block-image size-full wp-container-content-3cb39bf3\" style=\"margin-top:var(--wp--preset--spacing--20);margin-right:var(--wp--preset--spacing--20);margin-bottom:var(--wp--preset--spacing--20);margin-left:var(--wp--preset--spacing--20)\"><img loading=\"lazy\" decoding=\"async\" width=\"256\" height=\"256\" src=\"http:\/\/662603.test-my-website.de\/wp-content\/uploads\/2026\/01\/icoRuecken.png\" alt=\"\" class=\"wp-image-149\" srcset=\"https:\/\/therapiehaus-aumueller.de\/wp-content\/uploads\/2026\/01\/icoRuecken.png 256w, https:\/\/therapiehaus-aumueller.de\/wp-content\/uploads\/2026\/01\/icoRuecken-150x150.png 150w\" sizes=\"auto, (max-width: 256px) 100vw, 256px\" \/><\/figure>\n\n\n\n<p>Wirbels\u00e4ulengymnastik-Kurs<br>R\u00fcckenschule-Kurs<\/p>\n<\/div>\n\n\n\n<p>Bis zu 90% der Kosten f\u00fcr einen R\u00fcckenschule-Kurs werden von den meisten Krankenkassen \u00fcbernommen. Wir trainieren jeweils montags und donnerstags von 19:30 Uhr bis 20:30 Uhr. Anmeldung erfolgt telefonisch!<\/p>\n","protected":false},"excerpt":{"rendered":"<p>Osteopathie PhysiotherapieKrankengymnastik Krankengymnastik am Ger\u00e4t Massage-Therapie Manuelle Therapie CMD-TherapieCraniomandibul\u00e4re Dysfunktion Traktion im Schlingentisch FangoW\u00e4rmebehandlung Rotlicht-Therapie Laser-Therapie Gruppen-Therapie Wirbels\u00e4ulengymnastik-KursR\u00fcckenschule-Kurs Bis zu 90% der Kosten f\u00fcr einen R\u00fcckenschule-Kurs werden von den meisten Krankenkassen \u00fcbernommen. Wir trainieren jeweils montags und donnerstags von 19:30 Uhr bis 20:30 Uhr. Anmeldung erfolgt telefonisch!<\/p>\n","protected":false},"author":1,"featured_media":0,"parent":0,"menu_order":0,"comment_status":"closed","ping_status":"closed","template":"","meta":{"_acf_changed":false,"footnotes":""},"class_list":["post-63","page","type-page","status-publish","hentry"],"acf":[],"_links":{"self":[{"href":"https:\/\/therapiehaus-aumueller.de\/index.php\/wp-json\/wp\/v2\/pages\/63","targetHints":{"allow":["GET"]}}],"collection":[{"href":"https:\/\/therapiehaus-aumueller.de\/index.php\/wp-json\/wp\/v2\/pages"}],"about":[{"href":"https:\/\/therapiehaus-aumueller.de\/index.php\/wp-json\/wp\/v2\/types\/page"}],"author":[{"embeddable":true,"href":"https:\/\/therapiehaus-aumueller.de\/index.php\/wp-json\/wp\/v2\/users\/1"}],"replies":[{"embeddable":true,"href":"https:\/\/therapiehaus-aumueller.de\/index.php\/wp-json\/wp\/v2\/comments?post=63"}],"version-history":[{"count":8,"href":"https:\/\/therapiehaus-aumueller.de\/index.php\/wp-json\/wp\/v2\/pages\/63\/revisions"}],"predecessor-version":[{"id":211,"href":"https:\/\/therapiehaus-aumueller.de\/index.php\/wp-json\/wp\/v2\/pages\/63\/revisions\/211"}],"wp:attachment":[{"href":"https:\/\/therapiehaus-aumueller.de\/index.php\/wp-json\/wp\/v2\/media?parent=63"}],"curies":[{"name":"wp","href":"https:\/\/api.w.org\/{rel}","templated":true}]}}